{"id":6,"date":"2019-12-10T10:02:33","date_gmt":"2019-12-10T09:02:33","guid":{"rendered":"https:\/\/urbanadventures.de\/?page_id=6"},"modified":"2019-12-15T17:39:21","modified_gmt":"2019-12-15T16:39:21","slug":"das-neue-museum-oeffnet-seine-tueren-2","status":"publish","type":"page","link":"https:\/\/urbanadventures.de\/","title":{"rendered":"Urbane Events"},"content":{"rendered":"\n<div class=\"wp-block-group alignwide\"><div class=\"wp-block-group__inner-container is-layout-flow wp-block-group-is-layout-flow\">\n<h2 class=\"has-text-align-center wp-block-heading\">Der intelligente Spa\u00df f\u00fcr ihre Gruppe. Wir nennen das Advanced Gamification<\/h2>\n<\/div><\/div>\n\n\n\n<div class=\"wp-block-columns alignwide is-layout-flex wp-container-core-columns-is-layout-9d6595d7 wp-block-columns-is-layout-flex\">\n<div class=\"wp-block-column is-layout-flow wp-block-column-is-layout-flow\">\n<div class=\"wp-block-group\"><div class=\"wp-block-group__inner-container is-layout-flow wp-block-group-is-layout-flow\">\n<figure class=\"wp-block-image alignfull size-large\"><a href=\"https:\/\/www.querfeldeins.org\/urban.php?cPath=4247\"><img loading=\"lazy\" decoding=\"async\" width=\"1024\" height=\"683\" src=\"https:\/\/urbanadventures.de\/wp-content\/uploads\/2019\/12\/MG_8515-1024x683.jpg\" alt=\"\" class=\"wp-image-57\" srcset=\"https:\/\/urbanadventures.de\/wp-content\/uploads\/2019\/12\/MG_8515-1024x683.jpg 1024w, https:\/\/urbanadventures.de\/wp-content\/uploads\/2019\/12\/MG_8515-300x200.jpg 300w, https:\/\/urbanadventures.de\/wp-content\/uploads\/2019\/12\/MG_8515-768x512.jpg 768w, https:\/\/urbanadventures.de\/wp-content\/uploads\/2019\/12\/MG_8515-1536x1024.jpg 1536w, https:\/\/urbanadventures.de\/wp-content\/uploads\/2019\/12\/MG_8515-2048x1365.jpg 2048w, https:\/\/urbanadventures.de\/wp-content\/uploads\/2019\/12\/MG_8515-1200x800.jpg 1200w, https:\/\/urbanadventures.de\/wp-content\/uploads\/2019\/12\/MG_8515-1980x1320.jpg 1980w\" sizes=\"auto, (max-width: 1024px) 100vw, 1024px\" \/><\/a><\/figure>\n\n\n\n<h3 class=\"wp-block-heading\">Krimi Geocaching<\/h3>\n\n\n\n<p>den Kriminalfall in Team l\u00f6sen<\/p>\n\n\n\n<div class=\"wp-block-button is-style-outline is-style-outline--1\"><a class=\"wp-block-button__link\" href=\"https:\/\/www.krimi-geocaching.de\">Weiterlesen<\/a><\/div>\n<\/div><\/div>\n\n\n\n<div class=\"wp-block-group\"><div class=\"wp-block-group__inner-container is-layout-flow wp-block-group-is-layout-flow\">\n<figure class=\"wp-block-image alignfull size-large\"><a href=\"https:\/\/www.querfeldeins.org\/urban.php?cPath=4256\"><img loading=\"lazy\" decoding=\"async\" width=\"1024\" height=\"683\" src=\"https:\/\/urbanadventures.de\/wp-content\/uploads\/2019\/12\/MG_6114-1024x683.jpg\" alt=\"\" class=\"wp-image-32\" srcset=\"https:\/\/urbanadventures.de\/wp-content\/uploads\/2019\/12\/MG_6114-1024x683.jpg 1024w, https:\/\/urbanadventures.de\/wp-content\/uploads\/2019\/12\/MG_6114-300x200.jpg 300w, https:\/\/urbanadventures.de\/wp-content\/uploads\/2019\/12\/MG_6114-768x512.jpg 768w, https:\/\/urbanadventures.de\/wp-content\/uploads\/2019\/12\/MG_6114-1536x1024.jpg 1536w, https:\/\/urbanadventures.de\/wp-content\/uploads\/2019\/12\/MG_6114-2048x1365.jpg 2048w, https:\/\/urbanadventures.de\/wp-content\/uploads\/2019\/12\/MG_6114-1200x800.jpg 1200w, https:\/\/urbanadventures.de\/wp-content\/uploads\/2019\/12\/MG_6114-1980x1320.jpg 1980w\" sizes=\"auto, (max-width: 1024px) 100vw, 1024px\" \/><\/a><\/figure>\n\n\n\n<h3 class=\"wp-block-heading\">urban Crossgolf <\/h3>\n\n\n\n<p>der Kult, wir spielen Golf quer durch die Stadt<\/p>\n\n\n\n<div class=\"wp-block-button is-style-outline is-style-outline--2\"><a class=\"wp-block-button__link\" href=\"https:\/\/www.querfeldeins.org\/urban.php?cPath=4256\">Weiterlesen<\/a><\/div>\n<\/div><\/div>\n<\/div>\n\n\n\n<div class=\"wp-block-column is-layout-flow wp-block-column-is-layout-flow\">\n<div class=\"wp-block-group\"><div class=\"wp-block-group__inner-container is-layout-flow wp-block-group-is-layout-flow\">\n<figure class=\"wp-block-image alignfull size-large\"><a href=\"https:\/\/www.querfeldeins.org\/urban.php?cPath=4271\"><img loading=\"lazy\" decoding=\"async\" width=\"1024\" height=\"683\" src=\"https:\/\/urbanadventures.de\/wp-content\/uploads\/2019\/12\/MG_8361-1024x683.jpg\" alt=\"\" class=\"wp-image-54\" srcset=\"https:\/\/urbanadventures.de\/wp-content\/uploads\/2019\/12\/MG_8361-1024x683.jpg 1024w, https:\/\/urbanadventures.de\/wp-content\/uploads\/2019\/12\/MG_8361-300x200.jpg 300w, https:\/\/urbanadventures.de\/wp-content\/uploads\/2019\/12\/MG_8361-768x512.jpg 768w, https:\/\/urbanadventures.de\/wp-content\/uploads\/2019\/12\/MG_8361-1536x1024.jpg 1536w, https:\/\/urbanadventures.de\/wp-content\/uploads\/2019\/12\/MG_8361-2048x1365.jpg 2048w, https:\/\/urbanadventures.de\/wp-content\/uploads\/2019\/12\/MG_8361-1200x800.jpg 1200w, https:\/\/urbanadventures.de\/wp-content\/uploads\/2019\/12\/MG_8361-1980x1320.jpg 1980w\" sizes=\"auto, (max-width: 1024px) 100vw, 1024px\" \/><\/a><\/figure>\n\n\n\n<h3 class=\"wp-block-heading\">City Rallyes <\/h3>\n\n\n\n<p>moderne Schnitzeljagd durch die Stadt<\/p>\n\n\n\n<div class=\"wp-block-button is-style-outline is-style-outline--3\"><a class=\"wp-block-button__link\" href=\"https:\/\/www.querfeldeins.org\/urban.php?cPath=4271\">Weiterlesen<\/a><\/div>\n<\/div><\/div>\n\n\n\n<div class=\"wp-block-group\"><div class=\"wp-block-group__inner-container is-layout-flow wp-block-group-is-layout-flow\">\n<figure class=\"wp-block-image alignfull size-large\"><a href=\"https:\/\/www.querfeldeins.org\/urban.php?cPath=4258\"><img loading=\"lazy\" decoding=\"async\" width=\"1024\" height=\"683\" src=\"https:\/\/urbanadventures.de\/wp-content\/uploads\/2019\/12\/MG_8756-1024x683.jpg\" alt=\"\" class=\"wp-image-60\" srcset=\"https:\/\/urbanadventures.de\/wp-content\/uploads\/2019\/12\/MG_8756-1024x683.jpg 1024w, https:\/\/urbanadventures.de\/wp-content\/uploads\/2019\/12\/MG_8756-300x200.jpg 300w, https:\/\/urbanadventures.de\/wp-content\/uploads\/2019\/12\/MG_8756-768x512.jpg 768w, https:\/\/urbanadventures.de\/wp-content\/uploads\/2019\/12\/MG_8756-1536x1024.jpg 1536w, https:\/\/urbanadventures.de\/wp-content\/uploads\/2019\/12\/MG_8756-2048x1365.jpg 2048w, https:\/\/urbanadventures.de\/wp-content\/uploads\/2019\/12\/MG_8756-1200x800.jpg 1200w, https:\/\/urbanadventures.de\/wp-content\/uploads\/2019\/12\/MG_8756-1980x1320.jpg 1980w\" sizes=\"auto, (max-width: 1024px) 100vw, 1024px\" \/><\/a><\/figure>\n\n\n\n<h3 class=\"wp-block-heading\">Urban Streetgames Teambuilding<\/h3>\n\n\n\n<p>Kommunikative Games f\u00fcr Teams<\/p>\n\n\n\n<div class=\"wp-block-button is-style-outline is-style-outline--4\"><a class=\"wp-block-button__link\" href=\"https:\/\/www.querfeldeins.org\/urban.php?cPath=4258\">Weiterlesen<\/a><\/div>\n<\/div><\/div>\n<\/div>\n<\/div>\n\n\n\n<figure class=\"wp-block-image alignfull size-large\"><img loading=\"lazy\" decoding=\"async\" width=\"1024\" height=\"683\" src=\"https:\/\/urbanadventures.de\/wp-content\/uploads\/2019\/12\/MG_6114-1024x683.jpg\" alt=\"\" class=\"wp-image-32\" srcset=\"https:\/\/urbanadventures.de\/wp-content\/uploads\/2019\/12\/MG_6114-1024x683.jpg 1024w, https:\/\/urbanadventures.de\/wp-content\/uploads\/2019\/12\/MG_6114-300x200.jpg 300w, https:\/\/urbanadventures.de\/wp-content\/uploads\/2019\/12\/MG_6114-768x512.jpg 768w, https:\/\/urbanadventures.de\/wp-content\/uploads\/2019\/12\/MG_6114-1536x1024.jpg 1536w, https:\/\/urbanadventures.de\/wp-content\/uploads\/2019\/12\/MG_6114-2048x1365.jpg 2048w, https:\/\/urbanadventures.de\/wp-content\/uploads\/2019\/12\/MG_6114-1200x800.jpg 1200w, https:\/\/urbanadventures.de\/wp-content\/uploads\/2019\/12\/MG_6114-1980x1320.jpg 1980w\" sizes=\"auto, (max-width: 1024px) 100vw, 1024px\" \/><\/figure>\n\n\n\n<div class=\"wp-block-group alignwide\"><div class=\"wp-block-group__inner-container is-layout-flow wp-block-group-is-layout-flow\">\n<h2 class=\"has-subtle-background-color has-text-color has-text-align-center wp-block-heading\">wir wollen mit dem Team was anderes machen, &#8222;out of the office&#8220;, damit wir uns besser zusammen finden<\/h2>\n<\/div><\/div>\n\n\n\n<p class=\"has-background has-background-background-color\">Intelligente Team Events helfen in der Gruppe Spa\u00df zu haben, die Team Mitglieder aus ganz anderen Augen zu Sehen, neue Perspektiven zu gewinnen.   <\/p>\n\n\n\n<p class=\"has-background has-background-background-color\">Daf\u00fcr organisieren wir passende Events in jeder gr\u00f6\u00dferen Stadt. Unsere Urbanstreet-Guides kommen zu Ihnen und arbeiten die Veranstaltung ma\u00dfgeschneidert und perfekt aus und dann geht es vor Ort auch schon los. 2-3 Stunden Spa\u00df mit der Gruppe sind garantiert.  <\/p>\n","protected":false},"excerpt":{"rendered":"<p>Der intelligente Spa\u00df f\u00fcr ihre Gruppe. Wir nennen das Advanced Gamification Krimi Geocaching den Kriminalfall in Team l\u00f6sen urban Crossgolf der Kult, wir spielen Golf quer durch die Stadt City<\/p>\n<p class=\"more-link\"><a href=\"https:\/\/urbanadventures.de\/\" class=\"readmore\">Continue reading<svg class=\"icon icon-arrow-right\" aria-hidden=\"true\" role=\"img\"> <use href=\"#icon-arrow-right\" xlink:href=\"#icon-arrow-right\"><\/use> <\/svg><span class=\"screen-reader-text\">Urbane Events<\/span><\/a><\/p>\n","protected":false},"author":1,"featured_media":0,"parent":0,"menu_order":0,"comment_status":"closed","ping_status":"closed","template":"templates\/template-cover.php","meta":{"footnotes":""},"class_list":["post-6","page","type-page","status-publish","hentry"],"_links":{"self":[{"href":"https:\/\/urbanadventures.de\/index.php\/wp-json\/wp\/v2\/pages\/6","targetHints":{"allow":["GET"]}}],"collection":[{"href":"https:\/\/urbanadventures.de\/index.php\/wp-json\/wp\/v2\/pages"}],"about":[{"href":"https:\/\/urbanadventures.de\/index.php\/wp-json\/wp\/v2\/types\/page"}],"author":[{"embeddable":true,"href":"https:\/\/urbanadventures.de\/index.php\/wp-json\/wp\/v2\/users\/1"}],"replies":[{"embeddable":true,"href":"https:\/\/urbanadventures.de\/index.php\/wp-json\/wp\/v2\/comments?post=6"}],"version-history":[{"count":16,"href":"https:\/\/urbanadventures.de\/index.php\/wp-json\/wp\/v2\/pages\/6\/revisions"}],"predecessor-version":[{"id":120,"href":"https:\/\/urbanadventures.de\/index.php\/wp-json\/wp\/v2\/pages\/6\/revisions\/120"}],"wp:attachment":[{"href":"https:\/\/urbanadventures.de\/index.php\/wp-json\/wp\/v2\/media?parent=6"}],"curies":[{"name":"wp","href":"https:\/\/api.w.org\/{rel}","templated":true}]}}